{"id":3103,"date":"2026-02-18T07:18:58","date_gmt":"2026-02-18T07:18:58","guid":{"rendered":"https:\/\/estate818.com\/nos-realisations\/"},"modified":"2026-03-23T08:37:24","modified_gmt":"2026-03-23T08:37:24","slug":"nos-realisations","status":"publish","type":"page","link":"https:\/\/estate818.com\/fr\/nos-realisations\/","title":{"rendered":"Nos r\u00e9alisations"},"content":{"rendered":"\t\t<div data-elementor-type=\"wp-page\" data-elementor-id=\"3103\" class=\"elementor elementor-3103 elementor-44\">\n\t\t\t\t<div class=\"elementor-element elementor-element-5f95048 e-con-full e-flex e-con e-parent\" data-id=\"5f95048\" data-element_type=\"container\" data-e-type=\"container\">\n\t\t<div class=\"elementor-element elementor-element-60a4a0a e-con-full e-flex e-con e-child\" data-id=\"60a4a0a\" data-element_type=\"container\" data-e-type=\"container\" data-settings=\"{&quot;background_background&quot;:&quot;classic&quot;}\">\n\t\t\t\t<div class=\"elementor-element elementor-element-625120b elementor-widget elementor-widget-heading\" data-id=\"625120b\" data-element_type=\"widget\" data-e-type=\"widget\" data-widget_type=\"heading.default\">\n\t\t\t\t\t<h1 class=\"elementor-heading-title elementor-size-default\">R\u00e9alisations de construction de maisons<\/h1>\t\t\t\t<\/div>\n\t\t\t\t<div class=\"elementor-element elementor-element-b41a3f2 elementor-widget elementor-widget-heading\" data-id=\"b41a3f2\" data-element_type=\"widget\" data-e-type=\"widget\" data-widget_type=\"heading.default\">\n\t\t\t\t\t<h2 class=\"elementor-heading-title elementor-size-default\">ESTATE 818 <\/h2>\t\t\t\t<\/div>\n\t\t\t\t<div class=\"elementor-element elementor-element-7df5177 elementor-widget__width-initial elementor-widget elementor-widget-heading\" data-id=\"7df5177\" data-element_type=\"widget\" data-e-type=\"widget\" data-widget_type=\"heading.default\">\n\t\t\t\t\t<span class=\"elementor-heading-title elementor-size-default\">Estate818\n est un expert en conception et construction de maisons qui place l\u2019identit\u00e9 des r\u00e9sidents au c\u0153ur de ses projets. Nous concevons des habitations adapt\u00e9es \u00e0 toutes les dimensions de la vie, qu\u2019il s\u2019agisse des g\u00e9n\u00e9rations, des diff\u00e9rents styles de vie ou des contraintes budg\u00e9taires, afin que la maison r\u00e9ponde concr\u00e8tement aux besoins quotidiens, soit durable et conserve sa valeur \u00e0 l\u2019avenir, selon le concept \u00ab Satisfaisant, confortable et une vie parfaitement \u00e9quilibr\u00e9e \u00bb.<\/span>\t\t\t\t<\/div>\n\t\t\t\t<div class=\"elementor-element elementor-element-679f3af elementor-widget-divider--view-line elementor-widget elementor-widget-divider\" data-id=\"679f3af\" data-element_type=\"widget\" data-e-type=\"widget\" data-widget_type=\"divider.default\">\n\t\t\t\t\t\t\t<div class=\"elementor-divider\">\n\t\t\t<span class=\"elementor-divider-separator\">\n\t\t\t\t\t\t<\/span>\n\t\t<\/div>\n\t\t\t\t\t\t<\/div>\n\t\t\t\t<\/div>\n\t\t<div class=\"elementor-element elementor-element-26b8cdf e-flex e-con-boxed e-con e-child\" data-id=\"26b8cdf\" data-element_type=\"container\" data-e-type=\"container\">\n\t\t\t\t\t<div class=\"e-con-inner\">\n\t\t\t\t<div class=\"elementor-element elementor-element-7415f0b elementor-widget elementor-widget-xpro-post-grid\" data-id=\"7415f0b\" data-element_type=\"widget\" data-e-type=\"widget\" data-settings=\"{&quot;column_grid&quot;:&quot;3&quot;,&quot;column_grid_tablet&quot;:&quot;2&quot;,&quot;column_grid_mobile&quot;:&quot;1&quot;,&quot;image_height&quot;:{&quot;unit&quot;:&quot;px&quot;,&quot;size&quot;:&quot;&quot;,&quot;sizes&quot;:[]},&quot;image_height_tablet&quot;:{&quot;unit&quot;:&quot;px&quot;,&quot;size&quot;:&quot;&quot;,&quot;sizes&quot;:[]},&quot;image_height_mobile&quot;:{&quot;unit&quot;:&quot;px&quot;,&quot;size&quot;:&quot;&quot;,&quot;sizes&quot;:[]},&quot;space_between&quot;:{&quot;unit&quot;:&quot;px&quot;,&quot;size&quot;:15,&quot;sizes&quot;:[]},&quot;space_between_tablet&quot;:{&quot;unit&quot;:&quot;px&quot;,&quot;size&quot;:15,&quot;sizes&quot;:[]},&quot;space_between_mobile&quot;:{&quot;unit&quot;:&quot;px&quot;,&quot;size&quot;:15,&quot;sizes&quot;:[]},&quot;content_height&quot;:{&quot;unit&quot;:&quot;px&quot;,&quot;size&quot;:&quot;&quot;,&quot;sizes&quot;:[]},&quot;content_height_tablet&quot;:{&quot;unit&quot;:&quot;px&quot;,&quot;size&quot;:&quot;&quot;,&quot;sizes&quot;:[]},&quot;content_height_mobile&quot;:{&quot;unit&quot;:&quot;px&quot;,&quot;size&quot;:&quot;&quot;,&quot;sizes&quot;:[]}}\" data-widget_type=\"xpro-post-grid.default\">\n\t\t\t\t\t\n\t\t<div class=\"xpro-post-grid-wrapper xpro-post-grid-layout-4\">\n\n\t\t\t\t\t\t\t<p class=\"xpro-alert xpro-alert-warning\">\n\t\t\t\t\t<span class=\"xpro-alert-title\">No Posts Found!<\/span>\n\t\t\t\t\t<span class=\"xpro-alert-description\">Sorry, but nothing matched your selection. Please try again with some different keywords.<\/span>\n\t\t\t\t<\/p>\n\t\t\t\t\n\t\t<\/div>\n\n\t\t\t\t\t\t<\/div>\n\t\t\t\t\t<\/div>\n\t\t\t\t<\/div>\n\t\t\t\t<\/div>\n\t\t\t\t<\/div>\n\t\t","protected":false},"excerpt":{"rendered":"<p>R\u00e9alisations de construction de maisons ESTATE 818 Estate818 est un expert en conception et construction de maisons qui place l\u2019identit\u00e9 des r\u00e9sidents au c\u0153ur de ses projets. Nous concevons des habitations adapt\u00e9es \u00e0 toutes les dimensions de la vie, qu\u2019il s\u2019agisse des g\u00e9n\u00e9rations, des diff\u00e9rents styles de vie ou des contraintes budg\u00e9taires, afin que la [&hellip;]<\/p>\n","protected":false},"author":1,"featured_media":0,"parent":0,"menu_order":0,"comment_status":"closed","ping_status":"closed","template":"elementor_header_footer","meta":{"footnotes":""},"class_list":["post-3103","page","type-page","status-publish","hentry","wpbf-post"],"_hostinger_reach_plugin_has_subscription_block":false,"_hostinger_reach_plugin_is_elementor":false,"_links":{"self":[{"href":"https:\/\/estate818.com\/fr\/wp-json\/wp\/v2\/pages\/3103","targetHints":{"allow":["GET"]}}],"collection":[{"href":"https:\/\/estate818.com\/fr\/wp-json\/wp\/v2\/pages"}],"about":[{"href":"https:\/\/estate818.com\/fr\/wp-json\/wp\/v2\/types\/page"}],"author":[{"embeddable":true,"href":"https:\/\/estate818.com\/fr\/wp-json\/wp\/v2\/users\/1"}],"replies":[{"embeddable":true,"href":"https:\/\/estate818.com\/fr\/wp-json\/wp\/v2\/comments?post=3103"}],"version-history":[{"count":1,"href":"https:\/\/estate818.com\/fr\/wp-json\/wp\/v2\/pages\/3103\/revisions"}],"predecessor-version":[{"id":3104,"href":"https:\/\/estate818.com\/fr\/wp-json\/wp\/v2\/pages\/3103\/revisions\/3104"}],"wp:attachment":[{"href":"https:\/\/estate818.com\/fr\/wp-json\/wp\/v2\/media?parent=3103"}],"curies":[{"name":"wp","href":"https:\/\/api.w.org\/{rel}","templated":true}]}}